{"id":4655,"date":"2020-01-03T16:49:29","date_gmt":"2020-01-03T15:49:29","guid":{"rendered":"http:\/\/at.comune.sestu.ca.it\/?page_id=4655"},"modified":"2024-02-25T10:26:36","modified_gmt":"2024-02-25T09:26:36","slug":"modulistica-personale-dipendente","status":"publish","type":"page","link":"https:\/\/at.comune.sestu.ca.it\/index.php\/modulistica\/modulistica-personale-dipendente\/","title":{"rendered":"Modulistica Personale Dipendente"},"content":{"rendered":"\n<p>La modulistica presente in questa sezione \u00e8 dedicata al personale dell&#8217;Amministrazione comunale; il suo utilizzo \u00e8 ammesso esclusivamente nelle ipotesi in cui non sia stata implementata la modalit\u00e0 di caricamento telematico della relativa istanza mediante l&#8217;apposito applicativo dedicato. Ciascuna istanza deve essere presentata nei termini previsti dalla rispettiva disposizione di riferimento. <\/p>\n\n\n\n<div style=\"height:86px\" aria-hidden=\"true\" class=\"wp-block-spacer\"><\/div>\n\n\n<div id=\"tablepress-217-scroll-wrapper\" class=\"tablepress-scroll-wrapper\">\n\n<table id=\"tablepress-217\" class=\"tablepress tablepress-id-217 tablepress-responsive\">\n<thead>\n<tr class=\"row-1 odd\">\n\t<th class=\"column-1\">Lista documenti<br \/>\n<\/th><th class=\"column-2\">Download pdf<\/th>\n<\/tr>\n<\/thead>\n<tbody class=\"row-hover\">\n<tr class=\"row-2 even\">\n\t<td class=\"column-1\">Domanda richiesta permessi ex art.33 Legge 104\/1992 per l'assistenza di soggetti in condizione di handicap grave <\/td><td class=\"column-2\"><a href=\"http:\/\/at.comune.sestu.ca.it\/wp-content\/uploads\/2020\/01\/Mod.L.104_A_2012-Richiesta-permessi-assistenza-disabili-invalidi.pdf\">Modulo<\/a><\/td>\n<\/tr>\n<tr class=\"row-3 odd\">\n\t<td class=\"column-1\">Domanda permessi ex art.33 Legge 104\/1992 per uso proprio<\/td><td class=\"column-2\"><a href=\"http:\/\/at.comune.sestu.ca.it\/wp-content\/uploads\/2020\/01\/Mod.L.104_B_2011-Richiesta-permessi-uso-proprio.pdf\">Modulo<\/a><\/td>\n<\/tr>\n<tr class=\"row-4 even\">\n\t<td class=\"column-1\">Programmazione permessi ex art.33 Legge 104\/1992 per uso proprio <\/td><td class=\"column-2\"><a href=\"http:\/\/at.comune.sestu.ca.it\/wp-content\/uploads\/2020\/01\/Mod.L.104_C_2012-Programmazione-permessi-disabili-uso-proprio.pdf\">Modulo<\/a><\/td>\n<\/tr>\n<tr class=\"row-5 odd\">\n\t<td class=\"column-1\">Programmazione permessi ex art.33 Legge 104\/1992 per l'assistenza di soggetti in condizione di handicap grave <\/td><td class=\"column-2\"><a href=\"http:\/\/at.comune.sestu.ca.it\/wp-content\/uploads\/2020\/01\/Mod.L.104_D_2012-Programmazione-permessi-assistenza-disabili.pdf\">Modulo<\/a><\/td>\n<\/tr>\n<tr class=\"row-6 even\">\n\t<td class=\"column-1\">Domanda autorizzazione corso aggiornamento professionale <\/td><td class=\"column-2\"><a href=\"http:\/\/at.comune.sestu.ca.it\/wp-content\/uploads\/2020\/01\/Mod.n.01_2016-Autorizzazione-corso-aggiornamento-professionale.pdf\">Modulo<\/a><\/td>\n<\/tr>\n<tr class=\"row-7 odd\">\n\t<td class=\"column-1\">Domanda fruizione congedo parentale (ex art.32 del d.lgs. 151\/2001)<\/td><td class=\"column-2\"><a href=\"http:\/\/at.comune.sestu.ca.it\/wp-content\/uploads\/2020\/01\/Mod.n.02_2016-Richiesta-congedo-parentale-dlgs.151_2001-art.32.pdf\">Modulo<\/a><\/td>\n<\/tr>\n<tr class=\"row-8 even\">\n\t<td class=\"column-1\">Domanda autorizzazione allo svolgimento di attivit\u00e0 non compresa tra i compiti e i doveri d'ufficio<\/td><td class=\"column-2\"><a href=\"http:\/\/at.comune.sestu.ca.it\/wp-content\/uploads\/2020\/01\/Mod.n.03_2016-Autorizzazione-allo-svolgimento-di-attivit\u00e0-non-compresa-tra-i-compiti-dufficio.pdf\">Modulo<\/a><\/td>\n<\/tr>\n<\/tbody>\n<\/table>\n\n<\/div><!-- #tablepress-217 from cache -->\n","protected":false},"excerpt":{"rendered":"<p>La modulistica presente in questa sezione \u00e8 dedicata al personale dell&#8217;Amministrazione comunale; il suo utilizzo \u00e8 ammesso esclusivamente nelle ipotesi in cui non sia stata implementata la modalit\u00e0 di caricamento telematico della relativa istanza mediante l&#8217;apposito applicativo dedicato.<\/p>\n","protected":false},"author":3,"featured_media":0,"parent":4418,"menu_order":0,"comment_status":"closed","ping_status":"closed","template":"","meta":[],"_links":{"self":[{"href":"https:\/\/at.comune.sestu.ca.it\/index.php\/wp-json\/wp\/v2\/pages\/4655"}],"collection":[{"href":"https:\/\/at.comune.sestu.ca.it\/index.php\/wp-json\/wp\/v2\/pages"}],"about":[{"href":"https:\/\/at.comune.sestu.ca.it\/index.php\/wp-json\/wp\/v2\/types\/page"}],"author":[{"embeddable":true,"href":"https:\/\/at.comune.sestu.ca.it\/index.php\/wp-json\/wp\/v2\/users\/3"}],"replies":[{"embeddable":true,"href":"https:\/\/at.comune.sestu.ca.it\/index.php\/wp-json\/wp\/v2\/comments?post=4655"}],"version-history":[{"count":5,"href":"https:\/\/at.comune.sestu.ca.it\/index.php\/wp-json\/wp\/v2\/pages\/4655\/revisions"}],"predecessor-version":[{"id":30480,"href":"https:\/\/at.comune.sestu.ca.it\/index.php\/wp-json\/wp\/v2\/pages\/4655\/revisions\/30480"}],"up":[{"embeddable":true,"href":"https:\/\/at.comune.sestu.ca.it\/index.php\/wp-json\/wp\/v2\/pages\/4418"}],"wp:attachment":[{"href":"https:\/\/at.comune.sestu.ca.it\/index.php\/wp-json\/wp\/v2\/media?parent=4655"}],"curies":[{"name":"wp","href":"https:\/\/api.w.org\/{rel}","templated":true}]}}