{"id":5934,"date":"2020-02-14T12:21:21","date_gmt":"2020-02-14T11:21:21","guid":{"rendered":"https:\/\/www.comune.sestu.ca.it\/?page_id=5934"},"modified":"2021-05-24T15:48:24","modified_gmt":"2021-05-24T13:48:24","slug":"concorso-per-lassunzione-a-tempo-indeterminato-di-n-2-agenti-di-polizia-locale-codice-procedura-2020-02_con_c_agpol","status":"publish","type":"page","link":"https:\/\/at.comune.sestu.ca.it\/index.php\/amministrazione-trasparente\/bandi-di-concorso\/concorsi-2020\/concorso-per-lassunzione-a-tempo-indeterminato-di-n-2-agenti-di-polizia-locale-codice-procedura-2020-02_con_c_agpol\/","title":{"rendered":"Concorso per l&#8217;assunzione a tempo indeterminato di n.2 agenti di polizia locale &#8211; codice procedura 2020.02_Con_C_AgPol"},"content":{"rendered":"\n<p>Si rende noto che con determinazione n.115 del 14\/02\/2020 \u00e8 stato indetto un concorso pubblico per soli esami finalizzato all&#8217;assunzione a tempo pieno ed indeterminato di due agenti di polizia locale, categoria &#8220;C&#8221;, comparto Funzioni locali, di cui uno destinato al Comune di Quartucciu, sulla base dell&#8217;apposita convenzione stipulata tra le due Amministrazioni.<\/p>\n\n\n\n<p>Le domande di partecipazione dovranno essere presentate entro il 16 Marzo 2020 esclusivamente attraverso il form online raggiungibile all&#8217;indirizzo  <a href=\"https:\/\/www.infoconcorso.it\/concorsi\/sestu\/04-agpolo\/\">https:\/\/www.infoconcorso.it\/concorsi\/sestu\/04-agpolo\/<\/a>, previo pagamento della prevista tassa di concorso pari a 10,00 euro.<\/p>\n\n\n\n<p>La procedura \u00e8 disciplinata dal Bando consultabile in allegato. L&#8217;estratto dell&#8217;avviso relativo all&#8217;indizione del concorso \u00e8 pubblicato nella Gazzetta Ufficiale della Repubblica Italiana &#8211; 4^ serie speciale concorsi n.13 del 14\/02\/2020.<\/p>\n\n\n\n<ul><li>16\/04\/2020. Si rende noto che con determina n.340 del 16\/04\/20 \u00e8 stato approvato l&#8217;elenco dei candidati ammessi con riserva alla procedura concorsuale, consultabile in allegato (rif.n.4); i soggetti non presenti nell&#8217;elenco devono intendersi non ammessi al concorso.<\/li><li>03\/06\/2020. Si rende noto che la Commissione selezionatrice, nella riunione del 26 Maggio 2020, ha assunto le prime determinazioni relative alla procedura concorsuale, consultabili integralmente in allegato  (avviso 3); in particolare sono stati, tra l&#8217;altro, stabiliti i criteri di valutazione delle prove e fissate le date di svolgimento della prova preselettiva (2 Luglio 2020) e della prima prova scritta (21 Luglio 2020); per tutte le specifiche i candidati sono invitati a voler prendere attenta visione dell&#8217;allegato avviso.<\/li><li>02\/07\/2020. Sono consultabili in allegato le risultanze della prova preselettiva svoltasi in data odierna. In merito alla prova scritta gi\u00e0 programmata per il giorno 21 Luglio 2020, si rappresenta che la stessa trover\u00e0 svolgimento alle ore 10:30 presso la Scuola Media di via Dante in Sestu; i candidati dovranno presentarsi per le operazioni di identificazione muniti di documento di identit\u00e0 in corso di validit\u00e0 mezz&#8217;ora prima dell&#8217;orario fissato per lo svolgimento della prova; l&#8217;accesso ai locali sar\u00e0 consentito solo con l&#8217;utilizzo delle mascherine protettive.<\/li><li>08\/07\/2020. Con determinazione n.673 del 08\/07\/2020 \u00e8 stato approvato l&#8217;elenco dei candidati ammessi con riserva alla procedura concorsuale in relazione alle risultanze della prova preselettiva svoltasi in data 02\/07\/2020 e dell&#8217;istruttoria delle domande di ammissione alla selezione, sulla base del dichiarato possesso da parte di ciascun candidato dei requisiti previsti dal Bando.<\/li><li>02\/09\/2020. Si rende noto che al termine delle operazioni di correzione in forma anonima della prova scritta svoltasi in data 21 Luglio 2020 relativamente al concorso pubblico per soli esami finalizzato all\u2019assunzione a tempo pieno ed indeterminato di agenti di polizia, bandito congiuntamente con il Comune di Quartucciu, l\u2019abbinamento tra i compiti corretti in forma anonima e i rispettivi candidati autori verr\u00e0 effettuato in seduta pubblica marted\u00ec 8 Settembre 2020, alle ore 12, presso l\u2019Aula consiliare del Comune nella via Scipione n.1. Il colloquio, ovvero l\u2019ultima prova prevista dal Bando, trover\u00e0 svolgimento gioved\u00ec 1 Ottobre 2020, a partire dalle ore 11, presso l\u2019Aula consiliare del Comune di Sestu, sita nella via Scipione 1, fatte salve successive modifiche avuto riguardo a sopraggiunti impedimenti dei membri della Commissione.<\/li><li>08\/09\/2020. Sono consultabili in allegato le risultanze della correzione degli elaborati relativi alla prova scritta svoltasi in data 21 Luglio 2020.<\/li><li>01\/10\/2020. Sono consultabili in allegato gli esiti del colloquio svoltosi in data odierna e la conseguente graduatoria provvisoria di merito.<\/li><li>12\/10\/2020. Si rende noto che con determinazione n.1039 del 09\/10\/2020 \u00e8 stata approvata la graduatoria definitiva consultabile in allegato.<\/li><\/ul>\n\n\n\n<p><strong>Avvisi e documenti riguardanti la procedura<\/strong><\/p>\n\n\n\n<figure class=\"wp-block-table is-style-regular\"><table class=\"has-subtle-pale-blue-background-color has-background\"><tbody><tr><td class=\"has-text-align-center\" data-align=\"center\"><strong>N<\/strong><\/td><td class=\"has-text-align-center\" data-align=\"center\"><strong>Data<\/strong><\/td><td class=\"has-text-align-center\" data-align=\"center\"><strong>Oggetto<\/strong><\/td><td class=\"has-text-align-center\" data-align=\"center\"><strong>Documento<\/strong><\/td><\/tr><tr><td class=\"has-text-align-center\" data-align=\"center\">1<\/td><td class=\"has-text-align-center\" data-align=\"center\">14\/02\/2020<\/td><td class=\"has-text-align-center\" data-align=\"center\">Indizione procedura<\/td><td class=\"has-text-align-center\" data-align=\"center\"><a href=\"http:\/\/at.comune.sestu.ca.it\/wp-content\/uploads\/2020\/02\/Bando-concorso-pubblico-n.2-posti-agente-polizia-locale-ctg.C-Comune-di-Sestu-e-Quartucciu.pdf\">Bando<\/a><\/td><\/tr><tr><td class=\"has-text-align-center\" data-align=\"center\">2<\/td><td class=\"has-text-align-center\" data-align=\"center\">06\/03\/2020<\/td><td class=\"has-text-align-center\" data-align=\"center\">Data e luogo prova preselettiva<\/td><td class=\"has-text-align-center\" data-align=\"center\"><a href=\"http:\/\/at.comune.sestu.ca.it\/wp-content\/uploads\/2020\/03\/Avviso-data-e-sede-prova-preselettiva-concorso-agente-polizia-locale.pdf\">Avviso 1<\/a><\/td><\/tr><tr><td class=\"has-text-align-center\" data-align=\"center\">3<\/td><td class=\"has-text-align-center\" data-align=\"center\">24\/03\/2020<\/td><td class=\"has-text-align-center\" data-align=\"center\">Sospensione procedura sino al 16\/05\/2020<\/td><td class=\"has-text-align-center\" data-align=\"center\"><a href=\"http:\/\/at.comune.sestu.ca.it\/wp-content\/uploads\/2020\/03\/Avviso-2-24.03.2020-sospensione-procedura-sino-al-16.05-per-emergenza-Covid-19-concorso-agente-polizia-locale.pdf\">Avviso 2<\/a><\/td><\/tr><tr><td class=\"has-text-align-center\" data-align=\"center\">4<\/td><td class=\"has-text-align-center\" data-align=\"center\">16\/04\/2020<\/td><td class=\"has-text-align-center\" data-align=\"center\"> Candidati ammessi alla preselezione<\/td><td class=\"has-text-align-center\" data-align=\"center\"><a href=\"http:\/\/at.comune.sestu.ca.it\/wp-content\/uploads\/2020\/04\/Allegato-B.pdf\">Elenco<\/a><\/td><\/tr><tr><td class=\"has-text-align-center\" data-align=\"center\">5<\/td><td class=\"has-text-align-center\" data-align=\"center\">03\/06\/2020<\/td><td class=\"has-text-align-center\" data-align=\"center\">Determinazioni della Commissione<\/td><td class=\"has-text-align-center\" data-align=\"center\"><a href=\"http:\/\/at.comune.sestu.ca.it\/wp-content\/uploads\/2020\/06\/verbale-n.1-del-26.05.20-Allegato-C-avviso-per-i-candidati-new.pdf\">Avviso 3<\/a><\/td><\/tr><tr><td class=\"has-text-align-center\" data-align=\"center\">6<\/td><td class=\"has-text-align-center\" data-align=\"center\">02\/07\/2020<\/td><td class=\"has-text-align-center\" data-align=\"center\">Risultanze prova preselettiva del 2\/07\/20<\/td><td class=\"has-text-align-center\" data-align=\"center\">Graduatoria<\/td><\/tr><tr><td class=\"has-text-align-center\" data-align=\"center\">7<\/td><td class=\"has-text-align-center\" data-align=\"center\">02\/07\/2020<\/td><td class=\"has-text-align-center\" data-align=\"center\">Batteria 1 prova preselettiva 02\/07\/2020<\/td><td class=\"has-text-align-center\" data-align=\"center\"><a href=\"http:\/\/at.comune.sestu.ca.it\/wp-content\/uploads\/2020\/07\/Batteria-1-per-verbale-agenti-di-polizia-locale.pdf\">Batteria 1<\/a><\/td><\/tr><tr><td class=\"has-text-align-center\" data-align=\"center\">8<\/td><td class=\"has-text-align-center\" data-align=\"center\">02\/07\/2020<\/td><td class=\"has-text-align-center\" data-align=\"center\">Batteria 2 prova preselettiva 02\/07\/2020<\/td><td class=\"has-text-align-center\" data-align=\"center\"><a href=\"http:\/\/at.comune.sestu.ca.it\/wp-content\/uploads\/2020\/07\/Batteria-2-per-verbale-agenti-di-polizia-locale.pdf\">Batteria 2<\/a><\/td><\/tr><tr><td class=\"has-text-align-center\" data-align=\"center\">9<\/td><td class=\"has-text-align-center\" data-align=\"center\">02\/07\/2020<\/td><td class=\"has-text-align-center\" data-align=\"center\">Batteria 3 prova preselettiva 02\/07\/2020<\/td><td class=\"has-text-align-center\" data-align=\"center\"><a href=\"http:\/\/at.comune.sestu.ca.it\/wp-content\/uploads\/2020\/07\/Batteria-3-per-verbale-agenti-di-polizia-locale.pdf\">Batteria 3<\/a><\/td><\/tr><tr><td class=\"has-text-align-center\" data-align=\"center\">10<\/td><td class=\"has-text-align-center\" data-align=\"center\">02\/07\/2020<\/td><td class=\"has-text-align-center\" data-align=\"center\">Batteria 4 prova preselettiva 02\/07\/2020<\/td><td class=\"has-text-align-center\" data-align=\"center\"><a href=\"http:\/\/at.comune.sestu.ca.it\/wp-content\/uploads\/2020\/07\/Batteria-4-per-verbale-agenti-di-polizia-locale.pdf\">Batteria 4<\/a><\/td><\/tr><tr><td class=\"has-text-align-center\" data-align=\"center\">11<\/td><td class=\"has-text-align-center\" data-align=\"center\">08\/07\/2020<\/td><td class=\"has-text-align-center\" data-align=\"center\">Candidati ammessi alla 1^ prova scritta<\/td><td class=\"has-text-align-center\" data-align=\"center\">Candidati<\/td><\/tr><tr><td class=\"has-text-align-center\" data-align=\"center\">12<\/td><td class=\"has-text-align-center\" data-align=\"center\">02\/09\/2020<\/td><td class=\"has-text-align-center\" data-align=\"center\">Correzione prova scritta e data colloquio<\/td><td class=\"has-text-align-center\" data-align=\"center\"><a href=\"http:\/\/at.comune.sestu.ca.it\/wp-content\/uploads\/2020\/09\/Avviso-4-02.09.2020-correzione-prova-scritta-e-data-colloquio.pdf\">Avviso 4<\/a><\/td><\/tr><tr><td class=\"has-text-align-center\" data-align=\"center\">13<\/td><td class=\"has-text-align-center\" data-align=\"center\">08\/09\/2020<\/td><td class=\"has-text-align-center\" data-align=\"center\">Risultanze valutazioni prova scritta<\/td><td class=\"has-text-align-center\" data-align=\"center\">Esiti prova<\/td><\/tr><tr><td class=\"has-text-align-center\" data-align=\"center\">14<\/td><td class=\"has-text-align-center\" data-align=\"center\">15\/09\/2020<\/td><td class=\"has-text-align-center\" data-align=\"center\">Tracce prova scritta del 21\/07\/2020<\/td><td class=\"has-text-align-center\" data-align=\"center\"><a href=\"http:\/\/at.comune.sestu.ca.it\/wp-content\/uploads\/2020\/09\/Tracce-prova-scritta-21.07.2020.pdf\">Tracce<\/a><\/td><\/tr><tr><td class=\"has-text-align-center\" data-align=\"center\">15<\/td><td class=\"has-text-align-center\" data-align=\"center\">01\/10\/2020<\/td><td class=\"has-text-align-center\" data-align=\"center\">Esiti colloquio<\/td><td class=\"has-text-align-center\" data-align=\"center\">Esiti<\/td><\/tr><tr><td class=\"has-text-align-center\" data-align=\"center\">16<\/td><td class=\"has-text-align-center\" data-align=\"center\">01\/10\/2020<\/td><td class=\"has-text-align-center\" data-align=\"center\">Graduatoria provvisoria<\/td><td class=\"has-text-align-center\" data-align=\"center\">Graduatoria<\/td><\/tr><tr><td class=\"has-text-align-center\" data-align=\"center\">17<\/td><td class=\"has-text-align-center\" data-align=\"center\">06\/10\/2020<\/td><td class=\"has-text-align-center\" data-align=\"center\">Batterie domande colloquio<\/td><td class=\"has-text-align-center\" data-align=\"center\"><a href=\"http:\/\/at.comune.sestu.ca.it\/wp-content\/uploads\/2020\/10\/Batterie-colloquio-del-01.10.2020-concorso-per-n.2-agenti-di-polizia-locale.pdf\">Tracce<\/a><\/td><\/tr><tr><td class=\"has-text-align-center\" data-align=\"center\">18<\/td><td class=\"has-text-align-center\" data-align=\"center\">12\/10\/2020<\/td><td class=\"has-text-align-center\" data-align=\"center\">Graduatoria definitiva<\/td><td class=\"has-text-align-center\" data-align=\"center\"><a href=\"http:\/\/at.comune.sestu.ca.it\/wp-content\/uploads\/2021\/05\/Graduatoria-agenti.pdf\" data-type=\"URL\" data-id=\"http:\/\/at.comune.sestu.ca.it\/wp-content\/uploads\/2021\/05\/Graduatoria-agenti.pdf\">Graduatoria<\/a><\/td><\/tr><\/tbody><\/table><\/figure>\n\n\n\n<p><\/p>\n","protected":false},"excerpt":{"rendered":"<p>Si rende noto che con determinazione n.115 del 14\/02\/2020 \u00e8 stato indetto un concorso pubblico per soli esami finalizzato all&#8217;assunzione a tempo pieno ed indeterminato di due agenti di polizia locale, categoria &#8220;C&#8221;, comparto Funzioni locali, di cui uno destinato al Comune di Quartucciu, sulla base dell&#8217;apposita convenzione stipulata tra le due Amministrazioni.<\/p>\n","protected":false},"author":3,"featured_media":5957,"parent":3492,"menu_order":-1,"comment_status":"closed","ping_status":"closed","template":"","meta":[],"_links":{"self":[{"href":"https:\/\/at.comune.sestu.ca.it\/index.php\/wp-json\/wp\/v2\/pages\/5934"}],"collection":[{"href":"https:\/\/at.comune.sestu.ca.it\/index.php\/wp-json\/wp\/v2\/pages"}],"about":[{"href":"https:\/\/at.comune.sestu.ca.it\/index.php\/wp-json\/wp\/v2\/types\/page"}],"author":[{"embeddable":true,"href":"https:\/\/at.comune.sestu.ca.it\/index.php\/wp-json\/wp\/v2\/users\/3"}],"replies":[{"embeddable":true,"href":"https:\/\/at.comune.sestu.ca.it\/index.php\/wp-json\/wp\/v2\/comments?post=5934"}],"version-history":[{"count":27,"href":"https:\/\/at.comune.sestu.ca.it\/index.php\/wp-json\/wp\/v2\/pages\/5934\/revisions"}],"predecessor-version":[{"id":14159,"href":"https:\/\/at.comune.sestu.ca.it\/index.php\/wp-json\/wp\/v2\/pages\/5934\/revisions\/14159"}],"up":[{"embeddable":true,"href":"https:\/\/at.comune.sestu.ca.it\/index.php\/wp-json\/wp\/v2\/pages\/3492"}],"wp:featuredmedia":[{"embeddable":true,"href":"https:\/\/at.comune.sestu.ca.it\/index.php\/wp-json\/wp\/v2\/media\/5957"}],"wp:attachment":[{"href":"https:\/\/at.comune.sestu.ca.it\/index.php\/wp-json\/wp\/v2\/media?parent=5934"}],"curies":[{"name":"wp","href":"https:\/\/api.w.org\/{rel}","templated":true}]}}