{"id":6637,"date":"2020-03-27T19:40:46","date_gmt":"2020-03-27T18:40:46","guid":{"rendered":"https:\/\/www.comune.sestu.ca.it\/?page_id=6637"},"modified":"2022-02-23T15:51:36","modified_gmt":"2022-02-23T14:51:36","slug":"responsabile-per-la-protezione-dei-dati","status":"publish","type":"page","link":"https:\/\/at.comune.sestu.ca.it\/index.php\/amministrazione-trasparente\/altri-contenuti\/dati-ulteriori\/responsabile-per-la-protezione-dei-dati\/","title":{"rendered":"Responsabile per la protezione dei dati"},"content":{"rendered":"\n<p>L&#8217;articolo 37, paragrafo 1, lettera a), del Regolamento europeo in materia di protezione dei dati personali (<strong><a href=\"https:\/\/www.garanteprivacy.it\/garante\/document?ID=7322273\">Regolamento UE 2016\/679<\/a><\/strong>) prevede che i titolari e i responsabili del trattamento designino un Responsabile per la protezione dei dati \u00abquando il trattamento \u00e8 effettuato da un&#8217;autorit\u00e0 pubblica o da un organismo pubblico, eccettuate le autorit\u00e0 giurisdizionali quando esercitano le loro funzioni giurisdizionali\u00bb.  <\/p>\n\n\n\n<p>Il Responsabile per la protezione dei dati (RPD) del Comune di Sestu \u00e8  a far data dal 15\/02\/2022 \u00e8 la Nicola Zuddas srl, giusta la nomina disposta con decreto sindacale n.1\/2022.<\/p>\n\n\n\n<p>Referente: avv.Ivan Orr\u00f9<\/p>\n\n\n\n<p>email di contatto: privacy@comune.it <\/p>\n\n\n\n<p>PEC: privacy@pec.comune.it.<\/p>\n\n\n\n<p>I compiti principali  del Responsabile della protezione dei dati sono: <\/p>\n\n\n\n<p>a) sorvegliare l\u2019osservanza del regolamento, valutando i rischi di ogni trattamento alla luce della natura, dell\u2019ambito di applicazione, del contesto e delle finalit\u00e0; <\/p>\n\n\n\n<p>b) collaborare con il titolare\/responsabile, laddove necessario, nel condurre una valutazione di impatto sulla protezione dei dati (DPIA); <\/p>\n\n\n\n<p>c) informare e sensibilizzare il titolare o il responsabile del trattamento, nonch\u00e9 i dipendenti di questi ultimi, riguardo agli obblighi derivanti dal regolamento e da altre disposizioni in materia di protezione dei dati; <\/p>\n\n\n\n<p>d) cooperare con il Garante e fungere da punto di contatto per il Garante su ogni questione connessa al trattamento; <\/p>\n\n\n\n<p>e) supportare il titolare o il responsabile in ogni attivit\u00e0 connessa al trattamento di dati personali, anche con riguardo alla tenuta di un registro delle attivit\u00e0 di trattamento.<\/p>\n","protected":false},"excerpt":{"rendered":"<p>L&#8217;articolo 37, paragrafo 1, lettera a), del Regolamento europeo in materia di protezione dei dati personali (Regolamento UE 2016\/679) prevede che i titolari e i responsabili del trattamento designino un Responsabile per la protezione dei dati \u00abquando il trattamento \u00e8 effettuato da un&#8217;autorit\u00e0 pubblica o da un organismo pubblico, eccettuate le autorit\u00e0 giurisdizionali quando esercitano le loro funzioni giurisdizionali\u00bb.<\/p>\n","protected":false},"author":3,"featured_media":0,"parent":2874,"menu_order":2,"comment_status":"closed","ping_status":"closed","template":"","meta":[],"_links":{"self":[{"href":"https:\/\/at.comune.sestu.ca.it\/index.php\/wp-json\/wp\/v2\/pages\/6637"}],"collection":[{"href":"https:\/\/at.comune.sestu.ca.it\/index.php\/wp-json\/wp\/v2\/pages"}],"about":[{"href":"https:\/\/at.comune.sestu.ca.it\/index.php\/wp-json\/wp\/v2\/types\/page"}],"author":[{"embeddable":true,"href":"https:\/\/at.comune.sestu.ca.it\/index.php\/wp-json\/wp\/v2\/users\/3"}],"replies":[{"embeddable":true,"href":"https:\/\/at.comune.sestu.ca.it\/index.php\/wp-json\/wp\/v2\/comments?post=6637"}],"version-history":[{"count":6,"href":"https:\/\/at.comune.sestu.ca.it\/index.php\/wp-json\/wp\/v2\/pages\/6637\/revisions"}],"predecessor-version":[{"id":18155,"href":"https:\/\/at.comune.sestu.ca.it\/index.php\/wp-json\/wp\/v2\/pages\/6637\/revisions\/18155"}],"up":[{"embeddable":true,"href":"https:\/\/at.comune.sestu.ca.it\/index.php\/wp-json\/wp\/v2\/pages\/2874"}],"wp:attachment":[{"href":"https:\/\/at.comune.sestu.ca.it\/index.php\/wp-json\/wp\/v2\/media?parent=6637"}],"curies":[{"name":"wp","href":"https:\/\/api.w.org\/{rel}","templated":true}]}}