{"id":7531,"date":"2020-06-03T11:33:38","date_gmt":"2020-06-03T09:33:38","guid":{"rendered":"https:\/\/www.comune.sestu.ca.it\/?page_id=7531"},"modified":"2020-06-29T13:39:23","modified_gmt":"2020-06-29T11:39:23","slug":"consiglio-comunale-8-giugno-2020","status":"publish","type":"page","link":"https:\/\/at.comune.sestu.ca.it\/index.php\/amministrazione\/organi-di-governo\/il-consiglio\/convocazioni-e-verbali\/convocazioni-e-verbali-anno-2020\/consiglio-comunale-8-giugno-2020\/","title":{"rendered":"Consiglio comunale 8 Giugno  2020"},"content":{"rendered":"\n<div style=\"height:36px\" aria-hidden=\"true\" class=\"wp-block-spacer\"><\/div>\n\n\n\n<p>Il Consiglio Comunale \u00e8 convocato in seduta straordinaria di 1^ convocazione per il giorno Luned\u00ec 8 Giugno 2020, alle ore 18.00 ed in 2^ convocazione per il giorno Mercoled\u00ec 10 Giugno 2020, alle ore 18.00, presso l\u2019aula consiliare del Comune.<\/p>\n\n\n\n<p>Ordine del giorno:<\/p>\n\n\n\n<p> Interrogazioni e comunicazioni <\/p>\n\n\n\n<ul><li>Mozione per interventi urgenti a sostegno delle attivit\u00e0 produttive, industriali, commerciali, professionali, causate dall\u2019emergenza Covid-19;<\/li><\/ul>\n\n\n\n<ul><li>Mozione per interventi urgenti a sostegno della ripresa delle attivit\u00e0 didattiche in presenza nell\u2019anno scolastico 2020\/2021 nei plessi delle scuole di Sestu dopo l\u2019emergenza Covid-19.<\/li><\/ul>\n\n\n\n<p> IL PRESIDENTE:&nbsp;<em>Luciano Muscas<\/em> <\/p>\n\n\n\n<div style=\"height:54px\" aria-hidden=\"true\" class=\"wp-block-spacer\"><\/div>\n\n\n\n<p>I verbali delle sedute sono consultabili in allegato non appena disponibili.<\/p>\n","protected":false},"excerpt":{"rendered":"<p>Il Consiglio Comunale \u00e8 convocato in seduta straordinaria di 1^ convocazione per il giorno Luned\u00ec 8 Giugno 2020, alle ore 18.<\/p>\n","protected":false},"author":3,"featured_media":0,"parent":199,"menu_order":-7,"comment_status":"closed","ping_status":"closed","template":"","meta":[],"_links":{"self":[{"href":"https:\/\/at.comune.sestu.ca.it\/index.php\/wp-json\/wp\/v2\/pages\/7531"}],"collection":[{"href":"https:\/\/at.comune.sestu.ca.it\/index.php\/wp-json\/wp\/v2\/pages"}],"about":[{"href":"https:\/\/at.comune.sestu.ca.it\/index.php\/wp-json\/wp\/v2\/types\/page"}],"author":[{"embeddable":true,"href":"https:\/\/at.comune.sestu.ca.it\/index.php\/wp-json\/wp\/v2\/users\/3"}],"replies":[{"embeddable":true,"href":"https:\/\/at.comune.sestu.ca.it\/index.php\/wp-json\/wp\/v2\/comments?post=7531"}],"version-history":[{"count":1,"href":"https:\/\/at.comune.sestu.ca.it\/index.php\/wp-json\/wp\/v2\/pages\/7531\/revisions"}],"predecessor-version":[{"id":7532,"href":"https:\/\/at.comune.sestu.ca.it\/index.php\/wp-json\/wp\/v2\/pages\/7531\/revisions\/7532"}],"up":[{"embeddable":true,"href":"https:\/\/at.comune.sestu.ca.it\/index.php\/wp-json\/wp\/v2\/pages\/199"}],"wp:attachment":[{"href":"https:\/\/at.comune.sestu.ca.it\/index.php\/wp-json\/wp\/v2\/media?parent=7531"}],"curies":[{"name":"wp","href":"https:\/\/api.w.org\/{rel}","templated":true}]}}