{"id":7774,"date":"2020-06-18T15:32:53","date_gmt":"2020-06-18T13:32:53","guid":{"rendered":"https:\/\/www.comune.sestu.ca.it\/?page_id=7774"},"modified":"2020-07-24T09:15:29","modified_gmt":"2020-07-24T07:15:29","slug":"consiglio-comunale-25-giugno-2020","status":"publish","type":"page","link":"https:\/\/at.comune.sestu.ca.it\/index.php\/amministrazione\/organi-di-governo\/il-consiglio\/convocazioni-e-verbali\/convocazioni-e-verbali-anno-2020\/consiglio-comunale-25-giugno-2020\/","title":{"rendered":"Consiglio comunale 25 Giugno  2020"},"content":{"rendered":"\n<div style=\"height:36px\" aria-hidden=\"true\" class=\"wp-block-spacer\"><\/div>\n\n\n\n<p>Il Consiglio Comunale \u00e8 convocato in seduta straordinaria di 1^ convocazione per il giorno Gioved\u00ec 25 Giugno 2020, alle ore 18.00 ed in 2^ convocazione per il giorno Marted\u00ec 30 Giugno 2020, alle ore 18.00, presso l\u2019aula consiliare del Comune.<\/p>\n\n\n\n<p>Ordine del giorno:<\/p>\n\n\n\n<p>Interrogazioni e comunicazioni <\/p>\n\n\n\n<p>1) Adozione ai sensi dell&#8217;articolo 20 della L.R. 45\/89 e ss.mm.ii. del piano urbano della mobilit\u00e0 sostenibile PUMS;<\/p>\n\n\n\n<p>2) Approvazione intervento edilizio in deroga in applicazione dell&#8217;art. 39 della legge regionale 8\/2015 e ss.mm.ii, piano casa- Ditta TRENDS IMMOBILIARE srl &#8211; riferimento pratica edilizia n. 1668- Via Verdi;<\/p>\n\n\n\n<p>3) Variante al piano di lottizzazione convenzionata in zona C di espansione residenziale, sotto zona C3 in localit\u00e0 Cannedu, riferimento delibera del consiglio comunale n. 52\/2016.<\/p>\n\n\n\n<p><\/p>\n\n\n\n<p> IL PRESIDENTE:&nbsp;<em>Luciano Muscas<\/em> <\/p>\n\n\n\n<div style=\"height:54px\" aria-hidden=\"true\" class=\"wp-block-spacer\"><\/div>\n\n\n\n<p>I verbali delle sedute sono consultabili in allegato non appena disponibili.<\/p>\n","protected":false},"excerpt":{"rendered":"<p>Il Consiglio Comunale \u00e8 convocato in seduta straordinaria di 1^ convocazione per il giorno Gioved\u00ec 25 Giugno 2020, alle ore 18.<\/p>\n","protected":false},"author":3,"featured_media":0,"parent":199,"menu_order":-8,"comment_status":"closed","ping_status":"closed","template":"","meta":[],"_links":{"self":[{"href":"https:\/\/at.comune.sestu.ca.it\/index.php\/wp-json\/wp\/v2\/pages\/7774"}],"collection":[{"href":"https:\/\/at.comune.sestu.ca.it\/index.php\/wp-json\/wp\/v2\/pages"}],"about":[{"href":"https:\/\/at.comune.sestu.ca.it\/index.php\/wp-json\/wp\/v2\/types\/page"}],"author":[{"embeddable":true,"href":"https:\/\/at.comune.sestu.ca.it\/index.php\/wp-json\/wp\/v2\/users\/3"}],"replies":[{"embeddable":true,"href":"https:\/\/at.comune.sestu.ca.it\/index.php\/wp-json\/wp\/v2\/comments?post=7774"}],"version-history":[{"count":1,"href":"https:\/\/at.comune.sestu.ca.it\/index.php\/wp-json\/wp\/v2\/pages\/7774\/revisions"}],"predecessor-version":[{"id":7775,"href":"https:\/\/at.comune.sestu.ca.it\/index.php\/wp-json\/wp\/v2\/pages\/7774\/revisions\/7775"}],"up":[{"embeddable":true,"href":"https:\/\/at.comune.sestu.ca.it\/index.php\/wp-json\/wp\/v2\/pages\/199"}],"wp:attachment":[{"href":"https:\/\/at.comune.sestu.ca.it\/index.php\/wp-json\/wp\/v2\/media?parent=7774"}],"curies":[{"name":"wp","href":"https:\/\/api.w.org\/{rel}","templated":true}]}}