{"id":8368,"date":"2020-08-06T10:56:48","date_gmt":"2020-08-06T08:56:48","guid":{"rendered":"https:\/\/www.comune.sestu.ca.it\/?page_id=8368"},"modified":"2020-08-06T11:21:55","modified_gmt":"2020-08-06T09:21:55","slug":"referendum-costituzionale-20-21-settembre-2020","status":"publish","type":"page","link":"https:\/\/at.comune.sestu.ca.it\/index.php\/servizi\/elezioni-e-referendum\/elezioni-e-referendum-2020\/referendum-costituzionale-20-21-settembre-2020\/","title":{"rendered":"Referendum Costituzionale 20 &#8211; 21 settembre 2020"},"content":{"rendered":"\n<div style=\"height:54px\" aria-hidden=\"true\" class=\"wp-block-spacer\"><\/div>\n\n\n\n<p>Nella Gazzetta Ufficiale n. 180  del 18 luglio 2020 \u00e8 stato pubblicato il D.P.R. 17 luglio 2020 con il quale \u00e8 stato nuovamente indetto, per i giorni di domenica 20 settembre e luned\u00ec 21 settembre 2020 , il referendum popolare, ai sensi dell\u2019articolo 138, secondo comma, della Costituzione, confermativo del testo della legge costituzionale concernente \u00abModifiche agli articoli 56, 57 e 59 della Costituzione in materia di riduzione del numero dei parlamentari\u00bb, approvato in seconda votazione a maggioranza assoluta, ma inferiore ai due terzi dei membri di ciascuna Camera, pubblicato nella Gazzetta Ufficiale n. 240 del 12 ottobre 2019.<\/p>\n\n\n\n<p>Il testo del quesito referendario \u00e8 il seguente:<br>\u00abApprovate il testo della legge costituzionale concernente \u201cModifiche agli articoli 56, 57 e 59 della Costituzione in materia di riduzione del numero dei parlamentari\u201d, approvato dal Parlamento e pubblicato nella Gazzetta Ufficiale della Repubblica italiana n. 240 del 12 ottobre 2019?\u00bb.<\/p>\n\n\n\n<p>Le votazioni si svolgeranno domenica 20 settembre, dalle ore 7 alle ore 23, e il luned\u00ec dalle ore 7 alle ore 15.<br>Le operazioni di scrutinio avranno inizio subito dopo la chiusura della votazione e l\u2019accertamento del numero dei votanti.<\/p>\n\n\n\n<div style=\"height:100px\" aria-hidden=\"true\" class=\"wp-block-spacer\"><\/div>\n\n\n<ul class=\"wp-block-latest-posts__list has-dates wp-block-latest-posts\"><li><a class=\"wp-block-latest-posts__post-title\" href=\"https:\/\/at.comune.sestu.ca.it\/index.php\/2020\/09\/21\/referendum-costituzionale-20-21-settembre-risultati\/\">Referendum Costituzionale 20 &#8211; 21 settembre. Risultati<\/a><time datetime=\"2020-09-21T18:09:38+02:00\" class=\"wp-block-latest-posts__post-date\">21\/09\/2020<\/time><div class=\"wp-block-latest-posts__post-excerpt\">Sono consultabili i risultati del Referendum Costituzionale del 20 &#8211; 21 settembre 2020.<\/div><\/li>\n<li><a class=\"wp-block-latest-posts__post-title\" href=\"https:\/\/at.comune.sestu.ca.it\/index.php\/2020\/09\/18\/referendum-costituzionale-20-21-settembre-orari-ufficio-elettorale-per-rilascio-tessere\/\">Referendum Costituzionale 20 &#8211; 21 settembre. Orari Ufficio Elettorale per rilascio tessere<\/a><time datetime=\"2020-09-18T10:27:36+02:00\" class=\"wp-block-latest-posts__post-date\">18\/09\/2020<\/time><div class=\"wp-block-latest-posts__post-excerpt\">Si invitano coloro non siano ancora in possesso della tessera elettorale a presentarsi per il ritiro presso l&#8217;Ufficio Elettorale del Comune nei seguenti orari: dal luned\u00ec al venerd\u00ec dalle ore 10.<\/div><\/li>\n<li><a class=\"wp-block-latest-posts__post-title\" href=\"https:\/\/at.comune.sestu.ca.it\/index.php\/2020\/09\/10\/referendum-costituzionale-20-21-settembre-voto-domiciliare-per-gli-elettori-sottoposti-a-trattamento-domiciliare-o-in-quarantena-o-isolamento-fiduciario-per-covid-19\/\">Referendum Costituzionale 20 &#8211; 21 settembre. Voto domiciliare per gli elettori sottoposti a trattamento domiciliare o in quarantena o isolamento fiduciario per COVID-19<\/a><time datetime=\"2020-09-10T08:05:00+02:00\" class=\"wp-block-latest-posts__post-date\">10\/09\/2020<\/time><div class=\"wp-block-latest-posts__post-excerpt\">Il Decreto Legge 103\/2020 ha previsto, limitatamente alle consultazioni referendarie dell&#8217;anno 2020, che gli elettori sottoposti a trattamento domiciliare e quelli che si trovano in condizioni di quarantena o di isolamento fiduciario per COVID-19 sono ammessi al voto presso il proprio domicilio nel comune di residenza.<\/div><\/li>\n<li><a class=\"wp-block-latest-posts__post-title\" href=\"https:\/\/at.comune.sestu.ca.it\/index.php\/2020\/08\/28\/referendum-costituzionale-20-21-settembre-nomina-scrutatori\/\">Referendum Costituzionale 20 &#8211; 21 settembre. Nomina scrutatori<\/a><time datetime=\"2020-08-28T13:37:07+02:00\" class=\"wp-block-latest-posts__post-date\">28\/08\/2020<\/time><div class=\"wp-block-latest-posts__post-excerpt\">Pubblicato l&#8217;elenco degli scrutatori nominati dalla Commissione elettorale comunale nella seduta del 27 agosto 2020 che saranno destinati agli uffici elettorali di sezione per lo svolgimento delle consultazioni referendarie che si terranno domenica 20 e luned\u00ec 21 settembre 2020.<\/div><\/li>\n<li><a class=\"wp-block-latest-posts__post-title\" href=\"https:\/\/at.comune.sestu.ca.it\/index.php\/2020\/08\/25\/referendum-costituzionale-20-21-settembre-sorteggio-scrutatori\/\">Referendum Costituzionale 20 &#8211; 21 settembre. Sorteggio scrutatori<\/a><time datetime=\"2020-08-25T08:00:00+02:00\" class=\"wp-block-latest-posts__post-date\">25\/08\/2020<\/time><div class=\"wp-block-latest-posts__post-excerpt\">Si rende noto ai cittadini interessati che la Commissione elettorale comunale \u00e8 convocata nella sede del comune, in pubblica adunanza, per il giorno 27 agosto 2020, alle ore 18:00 per procedere alla nomina degli scrutatori che saranno destinati agli uffici elettorali di sezione per lo svolgimento delle consultazioni referendarie che si terranno domenica 20 e luned\u00ec 21 settembre 2020.<\/div><\/li>\n<\/ul>","protected":false},"excerpt":{"rendered":"<p>Nella Gazzetta Ufficiale n. 180 del 18 luglio 2020 \u00e8 stato pubblicato il D.<\/p>\n","protected":false},"author":3,"featured_media":0,"parent":5947,"menu_order":0,"comment_status":"closed","ping_status":"closed","template":"","meta":[],"_links":{"self":[{"href":"https:\/\/at.comune.sestu.ca.it\/index.php\/wp-json\/wp\/v2\/pages\/8368"}],"collection":[{"href":"https:\/\/at.comune.sestu.ca.it\/index.php\/wp-json\/wp\/v2\/pages"}],"about":[{"href":"https:\/\/at.comune.sestu.ca.it\/index.php\/wp-json\/wp\/v2\/types\/page"}],"author":[{"embeddable":true,"href":"https:\/\/at.comune.sestu.ca.it\/index.php\/wp-json\/wp\/v2\/users\/3"}],"replies":[{"embeddable":true,"href":"https:\/\/at.comune.sestu.ca.it\/index.php\/wp-json\/wp\/v2\/comments?post=8368"}],"version-history":[{"count":5,"href":"https:\/\/at.comune.sestu.ca.it\/index.php\/wp-json\/wp\/v2\/pages\/8368\/revisions"}],"predecessor-version":[{"id":8385,"href":"https:\/\/at.comune.sestu.ca.it\/index.php\/wp-json\/wp\/v2\/pages\/8368\/revisions\/8385"}],"up":[{"embeddable":true,"href":"https:\/\/at.comune.sestu.ca.it\/index.php\/wp-json\/wp\/v2\/pages\/5947"}],"wp:attachment":[{"href":"https:\/\/at.comune.sestu.ca.it\/index.php\/wp-json\/wp\/v2\/media?parent=8368"}],"curies":[{"name":"wp","href":"https:\/\/api.w.org\/{rel}","templated":true}]}}