{"id":8647,"date":"2020-08-31T09:32:04","date_gmt":"2020-08-31T07:32:04","guid":{"rendered":"https:\/\/www.comune.sestu.ca.it\/?page_id=8647"},"modified":"2020-10-16T17:41:04","modified_gmt":"2020-10-16T15:41:04","slug":"elezioni-comunali-25-26-ottobre-2020","status":"publish","type":"page","link":"https:\/\/at.comune.sestu.ca.it\/index.php\/servizi\/elezioni-e-referendum\/elezioni-e-referendum-2020\/elezioni-comunali-25-26-ottobre-2020\/","title":{"rendered":"Elezioni Comunali 25 &#8211; 26 ottobre 2020"},"content":{"rendered":"\n<div style=\"height:54px\" aria-hidden=\"true\" class=\"wp-block-spacer\"><\/div>\n\n\n\n<p>Con decreto del Prefetto di Cagliari in data 2 settembre 2020, sono stati convocati, per i giorni di domenica 25 e luned\u00ec 26 ottobre 2020, i comizi per lo svolgimento dell&#8217;elezione diretta del sindaco e del consiglio comunale di Sestu. L&#8217;eventuale turno di ballottaggio per l&#8217;elezione diretta del sindaco avr\u00e0 luogo nel giorno di domenica 8 e luned\u00ec 9 novembre 2020.<\/p>\n\n\n\n<p>Le operazioni preliminari degli uffici elettorali di sezione cominceranno alle ore 16 di sabato 24 ottobre 2020.<\/p>\n\n\n\n<p>La votazione si svolger\u00e0 nei giorni di domenica 25, dalle ore 7 alle ore 23, e luned\u00ec 26 ottobre 2020, dalle ore 7 alle ore 15.<\/p>\n\n\n\n<p>L&#8217;articolo relativo alle istruzioni per la presentazione e l&#8217;ammissione delle candidature \u00e8 consultabile al seguente indirizzo<\/p>\n\n\n\n<p><a href=\"http:\/\/www.sardegnaelezioni.it\/it\/amministrative\/2020\/normativa\">http:\/\/www.sardegnaelezioni.it\/it\/amministrative\/2020\/normativa<\/a><\/p>\n\n\n\n<p>La modulistica per la presentazione e l&#8217;ammissione delle candidature \u00e8 consultabile al seguente indirizzo<\/p>\n\n\n\n<p><a href=\"http:\/\/www.sardegnaelezioni.it\/it\/amministrative\/2020\/modulistica\/allegati-pubbl.-candidature\">http:\/\/www.sardegnaelezioni.it\/it\/amministrative\/2020\/\/modulistica\/allegati-pubbl.-candidature<\/a><\/p>\n\n\n\n<div style=\"height:56px\" aria-hidden=\"true\" class=\"wp-block-spacer\"><\/div>\n\n\n\n<div class=\"wp-block-buttons aligncenter is-layout-flex\">\n<div class=\"wp-block-button\"><a class=\"wp-block-button__link has-colore-primario-background-color has-background no-border-radius\" href=\"http:\/\/at.comune.sestu.ca.it\/index.php\/servizi\/elezioni-e-referendum\/elezioni-e-referendum-2020\/elezioni-comunali-25-26-ottobre-2020\/elezioni-trasparenti\/\">Elezioni Trasparenti<\/a><\/div>\n<\/div>\n\n\n\n<div style=\"height:119px\" aria-hidden=\"true\" class=\"wp-block-spacer\"><\/div>\n\n\n<ul class=\"wp-block-latest-posts__list has-dates wp-block-latest-posts\"><li><a class=\"wp-block-latest-posts__post-title\" href=\"https:\/\/at.comune.sestu.ca.it\/index.php\/2020\/11\/02\/elezioni-comunali-25-26-ottobre-2020-manifesto-proclamazione-degli-eletti\/\">Elezioni comunali 25 &#8211; 26 ottobre 2020 &#8211; Manifesto proclamazione degli eletti<\/a><time datetime=\"2020-11-02T14:29:12+01:00\" class=\"wp-block-latest-posts__post-date\">02\/11\/2020<\/time><div class=\"wp-block-latest-posts__post-excerpt\">Si pubblica il manifesto relativo alla proclamazione degli eletti a seguito dell&#8217;elezione diretta del sindaco e del Consiglio Comunale del 25 &#8211; 26 ottobre 2020.<\/div><\/li>\n<li><a class=\"wp-block-latest-posts__post-title\" href=\"https:\/\/at.comune.sestu.ca.it\/index.php\/2020\/10\/30\/elezioni-comunali-25-26-ottobre-2020-risultati-ufficio-centrale\/\">Elezioni comunali 25 &#8211; 26 ottobre 2020 &#8211; Risultati Ufficio Centrale<\/a><time datetime=\"2020-10-30T10:56:28+01:00\" class=\"wp-block-latest-posts__post-date\">30\/10\/2020<\/time><div class=\"wp-block-latest-posts__post-excerpt\">A seguito della conclusione dei lavori dell&#8217;Ufficio Centrale di Sestu si pubblicano i risultati relativi alla proclamazione dell\u2019elezione del sindaco, di ripartizione dei seggi di consigliere comunale tra le singole liste e di proclamazione dell\u2019elezione dei consiglieri.<\/div><\/li>\n<li><a class=\"wp-block-latest-posts__post-title\" href=\"https:\/\/at.comune.sestu.ca.it\/index.php\/2020\/10\/27\/elezioni-comunali-25-26-ottobre-2020-risultati-provvisori-candidati-sindaco-liste-e-preferenze\/\">Elezioni comunali 25 &#8211; 26 ottobre 2020 &#8211; Risultati provvisori candidati sindaco, liste e preferenze<\/a><time datetime=\"2020-10-27T01:20:37+01:00\" class=\"wp-block-latest-posts__post-date\">27\/10\/2020<\/time><div class=\"wp-block-latest-posts__post-excerpt\">I dati non rivestono carattere di ufficialit\u00e0. Le operazioni dell&#8217;ufficio centrale di Sestu, avranno inizio il giorno 27 ottobre 2020 alle ore 16,30 presso la sala consiliare in via Scipione n. 1.<\/div><\/li>\n<li><a class=\"wp-block-latest-posts__post-title\" href=\"https:\/\/at.comune.sestu.ca.it\/index.php\/2020\/10\/21\/elezioni-comunali-25-26-ottobre-2020-al-voto-in-sicurezza\/\">Elezioni comunali 25 &#8211; 26 ottobre 2020: al voto in sicurezza<\/a><time datetime=\"2020-10-21T12:26:06+02:00\" class=\"wp-block-latest-posts__post-date\">21\/10\/2020<\/time><div class=\"wp-block-latest-posts__post-excerpt\">Si ricorda che domenica 25 e luned\u00ec 26 ottobre si terranno regolarmente le consultazioni elettorali per l&#8217;elezione del Sindaco e del Consiglio comunale, nel rispetto delle vigenti disposizioni di sicurezza in materia di contenimento della diffusione del virus COVID-19.<\/div><\/li>\n<li><a class=\"wp-block-latest-posts__post-title\" href=\"https:\/\/at.comune.sestu.ca.it\/index.php\/2020\/10\/12\/elezioni-comunali-25-26-ottobre-2020-programmi-e-liste\/\">Elezioni comunali 25 &#8211; 26 ottobre 2020. Programmi e liste<\/a><time datetime=\"2020-10-12T16:57:45+02:00\" class=\"wp-block-latest-posts__post-date\">12\/10\/2020<\/time><div class=\"wp-block-latest-posts__post-excerpt\"><\/div><\/li>\n<li><a class=\"wp-block-latest-posts__post-title\" href=\"https:\/\/at.comune.sestu.ca.it\/index.php\/2020\/09\/30\/elezioni-comunali-25-26-ottobre-2020-nomina-scrutatori\/\">Elezioni comunali 25 &#8211; 26 ottobre 2020. Nomina scrutatori<\/a><time datetime=\"2020-09-30T16:49:15+02:00\" class=\"wp-block-latest-posts__post-date\">30\/09\/2020<\/time><div class=\"wp-block-latest-posts__post-excerpt\">Pubblicato l&#8217;elenco degli scrutatori nominati dalla Commissione elettorale comunale nella seduta del 30 settembre 2020 che saranno destinati agli uffici elettorali di sezione per lo svolgimento delle elezioni comunali che si terranno domenica 25 e luned\u00ec 26 ottobre 2020.<\/div><\/li>\n<li><a class=\"wp-block-latest-posts__post-title\" href=\"https:\/\/at.comune.sestu.ca.it\/index.php\/2020\/09\/28\/elezioni-comunali-25-26-ottobre-2020-voto-domiciliare-per-gli-infermi\/\">Elezioni Comunali 25 &#8211; 26 ottobre 2020 &#8211; Voto domiciliare per gli infermi<\/a><time datetime=\"2020-09-28T17:51:21+02:00\" class=\"wp-block-latest-posts__post-date\">28\/09\/2020<\/time><div class=\"wp-block-latest-posts__post-excerpt\">L\u2019ufficio elettorale ricorda che gli elettori affetti da infermit\u00e0 che ne rendano impossibile l\u2019allontanamento dall\u2019abitazione in cui dimorano possono votare da casa.<\/div><\/li>\n<li><a class=\"wp-block-latest-posts__post-title\" href=\"https:\/\/at.comune.sestu.ca.it\/index.php\/2020\/09\/28\/elezioni-comunali-25-26-ottobre-2020-sorteggio-scrutatori\/\">Elezioni Comunali 25 &#8211; 26 ottobre 2020 &#8211; Sorteggio scrutatori<\/a><time datetime=\"2020-09-28T11:31:40+02:00\" class=\"wp-block-latest-posts__post-date\">28\/09\/2020<\/time><div class=\"wp-block-latest-posts__post-excerpt\">Si rende noto ai cittadini interessati che la Commissione elettorale comunale \u00e8 convocata nella sede del comune, in pubblica adunanza, per il giorno 30 settembre 2020, alle ore 10:00 per procedere alla nomina degli scrutatori che saranno destinati agli uffici elettorali di sezione per lo svolgimento delle elezioni comunali di domenica 25 e luned\u00ec 26 ottobre 2020, ed eventuale turno di ballottaggio di domenica 8 e luned\u00ec 9 novembre 2020.<\/div><\/li>\n<li><a class=\"wp-block-latest-posts__post-title\" href=\"https:\/\/at.comune.sestu.ca.it\/index.php\/2020\/09\/21\/elezioni-comunali-25-26-ottobre-2020-orari-ufficio-elettorale-per-la-presentazione-delle-liste-dei-candidati-e-per-il-rilascio-delle-tessere-elettorali\/\">Elezioni Comunali 25 &#8211; 26 ottobre 2020 &#8211; Orari Ufficio Elettorale per la presentazione delle liste dei candidati e per il rilascio delle tessere elettorali<\/a><time datetime=\"2020-09-21T15:46:28+02:00\" class=\"wp-block-latest-posts__post-date\">21\/09\/2020<\/time><div class=\"wp-block-latest-posts__post-excerpt\">L\u2019Ufficio Elettorale Comunale per garantire l&#8217;assolvimento degli adempimenti previsti in occasione della presentazione delle liste dei candidati assicura l&#8217;apertura nei seguenti orari: marted\u00ec 22, mercoled\u00ec 23 e gioved\u00ec 24 settembre dalle ore 9.<\/div><\/li>\n<li><a class=\"wp-block-latest-posts__post-title\" href=\"https:\/\/at.comune.sestu.ca.it\/index.php\/2020\/09\/10\/elezioni-comunali-25-26-ottobre-2020-esercizio-del-diritto-di-voto-da-parte-dei-cittadini-dellunione-europea\/\">Elezioni Comunali 25 &#8211; 26 ottobre 2020 &#8211; Esercizio del diritto di voto da parte dei cittadini dell&#8217;Unione Europea<\/a><time datetime=\"2020-09-10T13:37:31+02:00\" class=\"wp-block-latest-posts__post-date\">10\/09\/2020<\/time><div class=\"wp-block-latest-posts__post-excerpt\">Si rende noto che i cittadini di uno Stato appartenente all&#8217;Unione Europea, residenti in Italia, hanno diritto di votare in occasione del rinnovo degli organi del Comune (Sindaco, Consiglio Comunale).<\/div><\/li>\n<\/ul>\n\n\n<p><\/p>\n\n\n\n<p><\/p>\n","protected":false},"excerpt":{"rendered":"<p>Con decreto del Prefetto di Cagliari in data 2 settembre 2020, sono stati convocati, per i giorni di domenica 25 e luned\u00ec 26 ottobre 2020, i comizi per lo svolgimento dell&#8217;elezione diretta del sindaco e del consiglio comunale di Sestu.<\/p>\n","protected":false},"author":25,"featured_media":8629,"parent":5947,"menu_order":-1,"comment_status":"closed","ping_status":"closed","template":"","meta":[],"_links":{"self":[{"href":"https:\/\/at.comune.sestu.ca.it\/index.php\/wp-json\/wp\/v2\/pages\/8647"}],"collection":[{"href":"https:\/\/at.comune.sestu.ca.it\/index.php\/wp-json\/wp\/v2\/pages"}],"about":[{"href":"https:\/\/at.comune.sestu.ca.it\/index.php\/wp-json\/wp\/v2\/types\/page"}],"author":[{"embeddable":true,"href":"https:\/\/at.comune.sestu.ca.it\/index.php\/wp-json\/wp\/v2\/users\/25"}],"replies":[{"embeddable":true,"href":"https:\/\/at.comune.sestu.ca.it\/index.php\/wp-json\/wp\/v2\/comments?post=8647"}],"version-history":[{"count":8,"href":"https:\/\/at.comune.sestu.ca.it\/index.php\/wp-json\/wp\/v2\/pages\/8647\/revisions"}],"predecessor-version":[{"id":9469,"href":"https:\/\/at.comune.sestu.ca.it\/index.php\/wp-json\/wp\/v2\/pages\/8647\/revisions\/9469"}],"up":[{"embeddable":true,"href":"https:\/\/at.comune.sestu.ca.it\/index.php\/wp-json\/wp\/v2\/pages\/5947"}],"wp:featuredmedia":[{"embeddable":true,"href":"https:\/\/at.comune.sestu.ca.it\/index.php\/wp-json\/wp\/v2\/media\/8629"}],"wp:attachment":[{"href":"https:\/\/at.comune.sestu.ca.it\/index.php\/wp-json\/wp\/v2\/media?parent=8647"}],"curies":[{"name":"wp","href":"https:\/\/api.w.org\/{rel}","templated":true}]}}