{"id":879,"date":"2018-12-13T10:40:51","date_gmt":"2018-12-13T09:40:51","guid":{"rendered":"http:\/\/192.168.10.215\/wordpress\/?page_id=879"},"modified":"2024-02-20T12:01:54","modified_gmt":"2024-02-20T11:01:54","slug":"ufficio-urbanistica","status":"publish","type":"page","link":"https:\/\/at.comune.sestu.ca.it\/index.php\/amministrazione\/aree-amministrative\/urbanistica-edilizia-privata-suape\/ufficio-urbanistica\/","title":{"rendered":"Ufficio Urbanistica, Edilizia Privata, Patrimonio"},"content":{"rendered":"<div id=\"tablepress-327-scroll-wrapper\" class=\"tablepress-scroll-wrapper\">\n\n<table id=\"tablepress-327\" class=\"tablepress tablepress-id-327 tablepress-responsive\">\n<thead>\n<tr class=\"row-1\">\n\t<th class=\"column-1\"><strong>Numero dedicato per fissare gli appuntamenti<\/strong><\/th><th class=\"column-2\">0702360264<\/th>\n<\/tr>\n<\/thead>\n<tbody>\n<tr class=\"row-2\">\n\t<td class=\"column-1\"><\/td><td class=\"column-2\"><\/td>\n<\/tr>\n<\/tbody>\n<\/table>\n\n<\/div><!-- #tablepress-327 from cache -->\n\n\n<div id=\"tablepress-20-scroll-wrapper\" class=\"tablepress-scroll-wrapper\">\n\n<table id=\"tablepress-20\" class=\"tablepress tablepress-id-20 tablepress-responsive\">\n<thead>\n<tr class=\"row-1\">\n\t<th class=\"column-1\"><strong>Responsabile<\/strong><\/th><th class=\"column-2\">Ing. Antonio Fadda<\/th>\n<\/tr>\n<\/thead>\n<tbody>\n<tr class=\"row-2\">\n\t<td class=\"column-1\"><strong>Telefono<\/strong><\/td><td class=\"column-2\">0702360256<\/td>\n<\/tr>\n<tr class=\"row-3\">\n\t<td class=\"column-1\"><strong>Email<\/strong><\/td><td class=\"column-2\"><a href=\"mailto:antonio.fadda@comune.sestu.ca.it\">antonio.fadda@comune.sestu.ca.it<\/a><\/td>\n<\/tr>\n<tr class=\"row-4\">\n\t<td class=\"column-1\"><strong>Orario di ricevimento<\/strong><\/td><td class=\"column-2\">Gioved\u00ec 15:30 - 18:00<\/td>\n<\/tr>\n<\/tbody>\n<\/table>\n\n<\/div><!-- #tablepress-20 from cache -->\n\n\n\n<table id=\"tablepress-7\" class=\"tablepress tablepress-id-7 tablepress-responsive tablepress-responsive-stack-phone\">\n<tbody>\n<tr class=\"row-1 odd\">\n\t<td class=\"column-1\"><strong>Indirizzo<\/strong><\/td><td class=\"column-2\">Palazzo Civico Comunale - Via Scipione 1 - Primo piano<\/td>\n<\/tr>\n<\/tbody>\n<\/table>\n<!-- #tablepress-7 from cache -->\n\n\n\n<table id=\"tablepress-378\" class=\"tablepress tablepress-id-378 tablepress-responsive\">\n<tbody>\n<tr class=\"row-1 odd\">\n\t<td colspan=\"5\" class=\"column-1\"><strong>Orario al pubblico<\/strong><\/td>\n<\/tr>\n<tr class=\"row-2 even\">\n\t<td class=\"column-1\"><strong> Luned\u00ec<\/strong><br \/>\n11:00\/13:00<\/td><td class=\"column-2\"><strong>Marted\u00ec<\/strong><br \/>\n11:00\/13:00<br \/>\n15:30\/17:00<\/td><td class=\"column-3\"><strong>Mercoled\u00ec<\/strong><br \/>\n11:00\/13:00<\/td><td class=\"column-4\"><strong>Gioved\u00ec<\/strong><br \/>\n11:00\/13:00<br \/>\n15:30\/17:00<br \/>\n<\/td><td class=\"column-5\"><strong>Venerd\u00ec<\/strong><br \/>\n11:00\/13:00<\/td>\n<\/tr>\n<\/tbody>\n<\/table>\n<!-- #tablepress-378 from cache -->\n\n\n\n<div style=\"height:20px\" aria-hidden=\"true\" class=\"wp-block-spacer\"><\/div>\n\n\n\n<p><strong>Personale operativo assegnato all&#8217;Ufficio<\/strong><\/p>\n\n\n<div id=\"tablepress-23-scroll-wrapper\" class=\"tablepress-scroll-wrapper\">\n\n<table id=\"tablepress-23\" class=\"tablepress tablepress-id-23 tablepress-responsive\">\n<thead>\n<tr class=\"row-1\">\n\t<th class=\"column-1\"><strong>Dipendente<\/strong><\/th><th class=\"column-2\">Geom. Carlo Manunza<\/th>\n<\/tr>\n<\/thead>\n<tbody>\n<tr class=\"row-2\">\n\t<td class=\"column-1\"><strong>Telefono<\/strong><\/td><td class=\"column-2\">0702360260<\/td>\n<\/tr>\n<tr class=\"row-3\">\n\t<td class=\"column-1\"><strong>Email<\/strong><\/td><td class=\"column-2\"><a href=\"mailto:carlo.manunza@comune.sestu.ca.it\ufeff\">carlo.manunza@comune.sestu.ca.it\ufeff<\/a><\/td>\n<\/tr>\n<tr class=\"row-4\">\n\t<td class=\"column-1\"><strong>Orario di ricevimento<\/strong> <\/td><td class=\"column-2\"><\/td>\n<\/tr>\n<\/tbody>\n<\/table>\n\n<\/div><!-- #tablepress-23 from cache -->\n\n\n<div id=\"tablepress-24-scroll-wrapper\" class=\"tablepress-scroll-wrapper\">\n\n<table id=\"tablepress-24\" class=\"tablepress tablepress-id-24 tablepress-responsive\">\n<thead>\n<tr class=\"row-1\">\n\t<th class=\"column-1\"><strong>Dipendente<\/strong><\/th><th class=\"column-2\">Dott.ssa Roberta Piroddi<\/th>\n<\/tr>\n<\/thead>\n<tbody>\n<tr class=\"row-2\">\n\t<td class=\"column-1\"><strong>Telefono<\/strong><\/td><td class=\"column-2\">0702360250<\/td>\n<\/tr>\n<tr class=\"row-3\">\n\t<td class=\"column-1\"><strong>Email<\/strong><\/td><td class=\"column-2\"><a href=\"mailto:roberta.piroddi@comune.sestu.ca.it\ufeff\">roberta.piroddi@comune.sestu.ca.it\ufeff<\/a><\/td>\n<\/tr>\n<tr class=\"row-4\">\n\t<td class=\"column-1\"><strong>Orario di ricevimento<\/strong><\/td><td class=\"column-2\"><\/td>\n<\/tr>\n<\/tbody>\n<\/table>\n\n<\/div><!-- #tablepress-24 from cache -->\n\n\n<div id=\"tablepress-25-scroll-wrapper\" class=\"tablepress-scroll-wrapper\">\n\n<table id=\"tablepress-25\" class=\"tablepress tablepress-id-25 tablepress-responsive\">\n<thead>\n<tr class=\"row-1\">\n\t<th class=\"column-1\"><strong>Dipendente<\/strong><\/th><th class=\"column-2\">Geom. Francesco Cocco<\/th>\n<\/tr>\n<\/thead>\n<tbody>\n<tr class=\"row-2\">\n\t<td class=\"column-1\"><strong>Telefono<\/strong><\/td><td class=\"column-2\">0702360264<\/td>\n<\/tr>\n<tr class=\"row-3\">\n\t<td class=\"column-1\"><strong>Email<\/strong><\/td><td class=\"column-2\"><a href=\"mailto:francesco.cocco@comune.sestu.ca.it\ufeff\">francesco.cocco@comune.sestu.ca.it\ufeff<\/a><\/td>\n<\/tr>\n<tr class=\"row-4\">\n\t<td class=\"column-1\"><strong>Orario di ricevimento<\/strong><\/td><td class=\"column-2\"><\/td>\n<\/tr>\n<\/tbody>\n<\/table>\n\n<\/div><!-- #tablepress-25 from cache -->\n\n\n<div id=\"tablepress-321-scroll-wrapper\" class=\"tablepress-scroll-wrapper\">\n\n<table id=\"tablepress-321\" class=\"tablepress tablepress-id-321 tablepress-responsive\">\n<thead>\n<tr class=\"row-1\">\n\t<th class=\"column-1\"><strong>Dipendente<\/strong><\/th><th class=\"column-2\">Ing. Alberto Pistuddi<\/th>\n<\/tr>\n<\/thead>\n<tbody>\n<tr class=\"row-2\">\n\t<td class=\"column-1\"><strong>Telefono<\/strong><\/td><td class=\"column-2\">0702360474<\/td>\n<\/tr>\n<tr class=\"row-3\">\n\t<td class=\"column-1\"><strong>Email<\/strong><\/td><td class=\"column-2\"><a href=\"mailto:alberto.pistuddi@comune.sestu.ca.it\ufeff\">alberto.pistuddi@comune.sestu.ca.it\ufeff<\/a><\/td>\n<\/tr>\n<tr class=\"row-4\">\n\t<td class=\"column-1\"><strong>Orario di ricevimento<\/strong><\/td><td class=\"column-2\"><\/td>\n<\/tr>\n<\/tbody>\n<\/table>\n\n<\/div><!-- #tablepress-321 from cache -->\n\n\n<div id=\"tablepress-338-scroll-wrapper\" class=\"tablepress-scroll-wrapper\">\n\n<table id=\"tablepress-338\" class=\"tablepress tablepress-id-338 tablepress-responsive\">\n<thead>\n<tr class=\"row-1\">\n\t<th class=\"column-1\"><strong>Dipendente<\/strong><\/th><th class=\"column-2\">Geom. Marco Spano<\/th>\n<\/tr>\n<\/thead>\n<tbody>\n<tr class=\"row-2\">\n\t<td class=\"column-1\"><strong>Telefono<\/strong><\/td><td class=\"column-2\">0702360475<\/td>\n<\/tr>\n<tr class=\"row-3\">\n\t<td class=\"column-1\"><strong>Email<\/strong><\/td><td class=\"column-2\"><a href=\"mailto:marco.spano@comune.sestu.ca.it\ufeff\">marco.spano@comune.sestu.ca.it\ufeff<\/a><\/td>\n<\/tr>\n<tr class=\"row-4\">\n\t<td class=\"column-1\"><strong>Orario di ricevimento<\/strong><\/td><td class=\"column-2\"><\/td>\n<\/tr>\n<\/tbody>\n<\/table>\n\n<\/div><!-- #tablepress-338 from cache -->\n\n\n<div id=\"tablepress-326-scroll-wrapper\" class=\"tablepress-scroll-wrapper\">\n\n<table id=\"tablepress-326\" class=\"tablepress tablepress-id-326 tablepress-responsive\">\n<thead>\n<tr class=\"row-1\">\n\t<th class=\"column-1\"><strong>Dipendente<\/strong><\/th><th class=\"column-2\">Ing. Alida Carboni<\/th>\n<\/tr>\n<\/thead>\n<tbody>\n<tr class=\"row-2\">\n\t<td class=\"column-1\"><strong>Telefono<\/strong><\/td><td class=\"column-2\">0702360296<\/td>\n<\/tr>\n<tr class=\"row-3\">\n\t<td class=\"column-1\"><strong>Email<\/strong><\/td><td class=\"column-2\"><a href=\"mailto:alida.carboni@comune.sestu.ca.it\ufeff\">alida.carboni@comune.sestu.ca.it\ufeff<\/a><\/td>\n<\/tr>\n<tr class=\"row-4\">\n\t<td class=\"column-1\"><strong>Orario di ricevimento<\/strong><\/td><td class=\"column-2\"><\/td>\n<\/tr>\n<\/tbody>\n<\/table>\n\n<\/div><!-- #tablepress-326 from cache -->\n\n\n<div id=\"tablepress-366-scroll-wrapper\" class=\"tablepress-scroll-wrapper\">\n\n<table id=\"tablepress-366\" class=\"tablepress tablepress-id-366 tablepress-responsive\">\n<thead>\n<tr class=\"row-1\">\n\t<th class=\"column-1\"><strong>Dipendente<\/strong><\/th><th class=\"column-2\">Dott.ssa Maria Bonaria Perria<\/th>\n<\/tr>\n<\/thead>\n<tbody>\n<tr class=\"row-2\">\n\t<td class=\"column-1\"><strong>Telefono<\/strong><\/td><td class=\"column-2\">0702360476<\/td>\n<\/tr>\n<tr class=\"row-3\">\n\t<td class=\"column-1\"><strong>Email<\/strong><\/td><td class=\"column-2\"><a href=\"mailto:maria.bonaria.perria@comune.sestu.ca.it\ufeff\">maria.bonaria.perria@comune.sestu.ca.it\ufeff<\/a><\/td>\n<\/tr>\n<tr class=\"row-4\">\n\t<td class=\"column-1\"><strong>Orario di ricevimento<\/strong><\/td><td class=\"column-2\"><\/td>\n<\/tr>\n<\/tbody>\n<\/table>\n\n<\/div><!-- #tablepress-366 from cache -->\n\n\n\n<p> <strong>Competenze principali<\/strong><\/p>\n\n\n\n<table id=\"tablepress-142\" class=\"tablepress tablepress-id-142 tablepress-responsive\">\n<thead>\n<tr class=\"row-1\">\n\t<th class=\"column-1\"><i><strong>Funzioni<\/strong><\/i><\/th><th class=\"column-2\"><i><strong>Attivit\u00e0 non esaustive di competenza del Servizio<\/strong><\/i><\/th>\n<\/tr>\n<\/thead>\n<tbody>\n<tr class=\"row-2\">\n\t<td class=\"column-1\">Pianificazione e progettazione urbanistica.<\/td><td class=\"column-2\">Elaborazione degli strumenti di pianificazione generale di livello comunale, dei documenti collegati e delle relative varianti;<br \/>\nelaborazione di piani e progetti urbanistici attuativi della pianificazione generale;<br \/>\nacquisizione, mediante affidamenti esterni, di studi ambientali ed economici propedeutici alla pianificazione urbanistica;<br \/>\nistruttoria di istanze di variante agli strumenti urbanistici generali;<br \/>\nistruttoria di osservazioni e\/o opposizioni agli strumenti di pianificazione nell'ambito del procedimento di controdeduzione ed approvazione;<br \/>\ncollaborazione nell'attuazione della pianificazione strategica;<br \/>\nistruttoria di piani attuativi e progetti relativi ad ambiti di particolare rilievo;<br \/>\nrilascio di pareri tecnici in ordine alla pianificazione comunale o di attuazione comunale e di particolari progetti edilizi;<br \/>\npredisposizione di regolamenti generali e\/o di settore;<br \/>\nelaborazione di documenti di indirizzo finalizzati a concorsi di idee e\/o di progettazione;<br \/>\ngestione ed aggiornamento delle pagine Web relative agli strumenti urbanistici comunali;<br \/>\ngestione del sistema informativo territoriale.<br \/>\nzonizzazione acustica;<br \/>\nrilascio dei pareri tecnici per lo svolgimento delle manifestazioni pubbliche di ogni genere, laddove richiesti dall'Ufficio competente, in materia di acustica e urbanistica;<br \/>\npianificazione dell'installazione di antenne radio-TV, telefonia;<br \/>\ncollaborazione con la Polizia locale per la redazione e l'aggiornamento del Piano del traffico<\/td>\n<\/tr>\n<tr class=\"row-3\">\n\t<td class=\"column-1\">Gestione di accordi e convenzioni.<\/td><td class=\"column-2\">Gestione di accordi di programma, accordi quadro, protocolli d'intesa, convenzioni, relativi a programmi complessi e di riqualificazione urbana;<br \/>\nmonitoraggio e rendicontazioni periodiche sullo stato di attuazione della spesa dei finanziamenti assegnati nell'ambito dei programmi complessi e di riqualificazione urbana.<\/td>\n<\/tr>\n<tr class=\"row-4\">\n\t<td class=\"column-1\">Gestione in materia di edilizia privata<\/td><td class=\"column-2\">Istruttoria delle istanze per l'ottenimento dei titoli abilitativi in materia edilizia quali SCIA;<br \/>\nrilascio di permessi di costruzione e sanatorie;<br \/>\nistruttoria delle pratiche edilizie compresi gli impianti connessi;<br \/>\nistruttoria e provvedimenti decisori per i procedimenti di competenza connessi alle attivit\u00e0 di impresa coordinati dal SUAPE;<br \/>\nrilascio pareri di conformit\u00e0 urbanistico-edilizio, pareri preventivi, valutazioni preventive, comunicazioni e autorizzazioni all'uso del suolo pubblico, all'installazione di targhe e insegne;<br \/>\nprocedimenti, bandi e provvedimenti di concessione o autorizzazione all'uso del suolo pubblico, fatte salve le competenze attribuite in materia al settore Polizia Locale;<br \/>\nrilascio di titoli abilitativi o pareri per impianti di telefonia mobile;<br \/>\naccettazione di comunicazioni di inizio lavori, comunicazioni di fine lavori, certificati di conformit\u00e0 edilizia ed agibilit\u00e0, certificazioni di destinazione urbanistica e d'uso ed altre certificazioni riguardanti l'inagibilit\u00e0 degli  immobili e le segnalazioni di abusi edilizi;<br \/>\nistruttoria ed adempimenti connessi alla gestione delle zone soggette a vincolo ambientale ivi compreso il rilascio di accertamento di compatibilit\u00e0 paesaggistica;<br \/>\nrichieste di accesso agli atti e\/o estrazione copie;<br \/>\nadempimenti di natura contabile ed amministrativa relativa alla gestione delle pratiche di competenza;<br \/>\nacquisizione di pareri e certificazioni di Enti esterni;<\/td>\n<\/tr>\n<tr class=\"row-5\">\n\t<td class=\"column-1\">Controllo edilizio preventivo e repressivo.<\/td><td class=\"column-2\">Controllo preventivo e repressivo sull'attivit\u00e0 edilizia: accertamenti sulla regolare esecuzione dei lavori, sulle abitabilit\u00e0, sulle comunicazioni di inizio e fine lavori e sulle richieste di certificato di conformit\u00e0 edilizia e agibilit\u00e0;<br \/>\ncontrollo formale sulle dichiarazioni di impianti;<br \/>\nriscontro su esposti, abusi e autodenunce e predisposizione di certificazioni e ordinanze;<br \/>\naccertamento e valutazione di illeciti con conseguenti provvedimenti repressivi e sanzionatori;<br \/>\nadempimenti di natura contabile e amministrativa relativi al controllo edilizio.<\/td>\n<\/tr>\n<tr class=\"row-6\">\n\t<td class=\"column-1\">Patrimonio<\/td><td class=\"column-2\">Gestione del patrimonio immobiliare dell'Ente, con esclusione degli aspetti manutentivi (ordinari e straordinari) e di adeguamento funzionale;<br \/>\nvariazioni catastali;<br \/>\nconcessioni immobiliari prevedenti come contropartita\/corrispettivo l'esecuzione di lavori o la realizzazione di opere;<br \/>\nnullaosta manomissioni del suolo pubblico.<\/td>\n<\/tr>\n<tr class=\"row-7\">\n\t<td class=\"column-1\">Protezione civile<\/td><td class=\"column-2\">Gestione diretta e\/o per il tramite di ditte esterne del servizio di pronto intervento in materia di Protezione civile;<br \/>\nAdempimenti in materia Protezione Civile con assunzione dei rispettivi compiti, funzioni e cariche, anche nell'ambito del Centro operativo comunale.<\/td>\n<\/tr>\n<\/tbody>\n<\/table>\n<!-- #tablepress-142 from cache -->\n","protected":false},"excerpt":{"rendered":"","protected":false},"author":3,"featured_media":0,"parent":856,"menu_order":0,"comment_status":"closed","ping_status":"closed","template":"","meta":[],"_links":{"self":[{"href":"https:\/\/at.comune.sestu.ca.it\/index.php\/wp-json\/wp\/v2\/pages\/879"}],"collection":[{"href":"https:\/\/at.comune.sestu.ca.it\/index.php\/wp-json\/wp\/v2\/pages"}],"about":[{"href":"https:\/\/at.comune.sestu.ca.it\/index.php\/wp-json\/wp\/v2\/types\/page"}],"author":[{"embeddable":true,"href":"https:\/\/at.comune.sestu.ca.it\/index.php\/wp-json\/wp\/v2\/users\/3"}],"replies":[{"embeddable":true,"href":"https:\/\/at.comune.sestu.ca.it\/index.php\/wp-json\/wp\/v2\/comments?post=879"}],"version-history":[{"count":19,"href":"https:\/\/at.comune.sestu.ca.it\/index.php\/wp-json\/wp\/v2\/pages\/879\/revisions"}],"predecessor-version":[{"id":30403,"href":"https:\/\/at.comune.sestu.ca.it\/index.php\/wp-json\/wp\/v2\/pages\/879\/revisions\/30403"}],"up":[{"embeddable":true,"href":"https:\/\/at.comune.sestu.ca.it\/index.php\/wp-json\/wp\/v2\/pages\/856"}],"wp:attachment":[{"href":"https:\/\/at.comune.sestu.ca.it\/index.php\/wp-json\/wp\/v2\/media?parent=879"}],"curies":[{"name":"wp","href":"https:\/\/api.w.org\/{rel}","templated":true}]}}